{"id":45,"date":"2018-12-28T19:31:26","date_gmt":"2018-12-28T18:31:26","guid":{"rendered":"http:\/\/amellomacosmeceuticals.de\/?page_id=45"},"modified":"2020-05-11T15:11:53","modified_gmt":"2020-05-11T13:11:53","slug":"home","status":"publish","type":"page","link":"https:\/\/amellomacosmeceuticals.de\/","title":{"rendered":"Home"},"content":{"rendered":"\t\t<div data-elementor-type=\"wp-post\" data-elementor-id=\"45\" class=\"elementor elementor-45\" data-elementor-settings=\"[]\">\n\t\t\t\t\t\t<div class=\"elementor-inner\">\n\t\t\t\t\t\t\t<div class=\"elementor-section-wrap\">\n\t\t\t\t\t\t\t<section class=\"elementor-section elementor-top-section elementor-element elementor-element-5046848 elementor-section-boxed elementor-section-height-default elementor-section-height-default\" data-id=\"5046848\" data-element_type=\"section\">\n\t\t\t\t\t\t<div class=\"elementor-container elementor-column-gap-default\">\n\t\t\t\t\t\t\t<div class=\"elementor-row\">\n\t\t\t\t\t<div class=\"elementor-column elementor-col-100 elementor-top-column elementor-element elementor-element-e011099\" data-id=\"e011099\" data-element_type=\"column\">\n\t\t\t<div class=\"elementor-column-wrap elementor-element-populated\">\n\t\t\t\t\t\t\t<div class=\"elementor-widget-wrap\">\n\t\t\t\t\t\t<div class=\"elementor-element elementor-element-4f3d5a3 elementor-widget elementor-widget-heading\" data-id=\"4f3d5a3\" data-element_type=\"widget\" data-widget_type=\"heading.default\">\n\t\t\t\t<div class=\"elementor-widget-container\">\n\t\t\t<h2 class=\"elementor-heading-title elementor-size-default\">Home<\/h2>\t\t<\/div>\n\t\t\t\t<\/div>\n\t\t\t\t<div class=\"elementor-element elementor-element-28c184d elementor-widget-divider--view-line elementor-widget elementor-widget-divider\" data-id=\"28c184d\" data-element_type=\"widget\" data-widget_type=\"divider.default\">\n\t\t\t\t<div class=\"elementor-widget-container\">\n\t\t\t\t\t<div class=\"elementor-divider\">\n\t\t\t<span class=\"elementor-divider-separator\">\n\t\t\t\t\t\t<\/span>\n\t\t<\/div>\n\t\t\t\t<\/div>\n\t\t\t\t<\/div>\n\t\t\t\t\t\t<\/div>\n\t\t\t\t\t<\/div>\n\t\t<\/div>\n\t\t\t\t\t\t\t\t<\/div>\n\t\t\t\t\t<\/div>\n\t\t<\/section>\n\t\t\t\t<section class=\"elementor-section elementor-top-section elementor-element elementor-element-14b1fff elementor-section-boxed elementor-section-height-default elementor-section-height-default\" data-id=\"14b1fff\" data-element_type=\"section\">\n\t\t\t\t\t\t<div class=\"elementor-container elementor-column-gap-default\">\n\t\t\t\t\t\t\t<div class=\"elementor-row\">\n\t\t\t\t\t<div class=\"elementor-column elementor-col-100 elementor-top-column elementor-element elementor-element-31bff7c\" data-id=\"31bff7c\" data-element_type=\"column\">\n\t\t\t<div class=\"elementor-column-wrap elementor-element-populated\">\n\t\t\t\t\t\t\t<div class=\"elementor-widget-wrap\">\n\t\t\t\t\t\t<div class=\"elementor-element elementor-element-d811d82 elementor-widget elementor-widget-wp-widget-metaslider_widget\" data-id=\"d811d82\" data-element_type=\"widget\" data-widget_type=\"wp-widget-metaslider_widget.default\">\n\t\t\t\t<div class=\"elementor-widget-container\">\n\t\t\t<div id=\"metaslider-id-195\" style=\"max-width: 700px;\" class=\"ml-slider-3-19-1 metaslider metaslider-nivo metaslider-195 ml-slider\">\n    <div id=\"metaslider_container_195\">\n        <div class='slider-wrapper theme-default'><div class='ribbon'><\/div><div id='metaslider_195' class='nivoSlider'><img loading=\"lazy\" src=\"https:\/\/amellomacosmeceuticals.de\/wp-content\/uploads\/2019\/01\/header2-700x300.png\" height=\"300\" width=\"700\" title=\"header2\" alt=\"\" class=\"slider-195 slide-196\" \/><img loading=\"lazy\" src=\"https:\/\/amellomacosmeceuticals.de\/wp-content\/uploads\/2019\/01\/header4-700x300.png\" height=\"300\" width=\"700\" title=\"header4\" alt=\"\" class=\"slider-195 slide-197\" \/><img loading=\"lazy\" src=\"https:\/\/amellomacosmeceuticals.de\/wp-content\/uploads\/2019\/01\/header5-700x300.png\" height=\"300\" width=\"700\" title=\"header5\" alt=\"\" class=\"slider-195 slide-198\" \/><img loading=\"lazy\" src=\"https:\/\/amellomacosmeceuticals.de\/wp-content\/uploads\/2019\/01\/header6-700x300.jpg\" height=\"300\" width=\"700\" title=\"header6\" alt=\"\" class=\"slider-195 slide-199\" \/><img loading=\"lazy\" src=\"https:\/\/amellomacosmeceuticals.de\/wp-content\/uploads\/2019\/01\/header7-700x300.png\" height=\"300\" width=\"700\" title=\"header7\" alt=\"\" class=\"slider-195 slide-200\" \/><\/div><\/div>\n        \n    <\/div>\n<\/div>\t\t<\/div>\n\t\t\t\t<\/div>\n\t\t\t\t\t\t<\/div>\n\t\t\t\t\t<\/div>\n\t\t<\/div>\n\t\t\t\t\t\t\t\t<\/div>\n\t\t\t\t\t<\/div>\n\t\t<\/section>\n\t\t\t\t<section class=\"elementor-section elementor-top-section elementor-element elementor-element-adba2a9 elementor-section-boxed elementor-section-height-default elementor-section-height-default\" data-id=\"adba2a9\" data-element_type=\"section\">\n\t\t\t\t\t\t<div class=\"elementor-container elementor-column-gap-default\">\n\t\t\t\t\t\t\t<div class=\"elementor-row\">\n\t\t\t\t\t<div class=\"elementor-column elementor-col-100 elementor-top-column elementor-element elementor-element-bc6f01b\" data-id=\"bc6f01b\" data-element_type=\"column\">\n\t\t\t<div class=\"elementor-column-wrap elementor-element-populated\">\n\t\t\t\t\t\t\t<div class=\"elementor-widget-wrap\">\n\t\t\t\t\t\t<div class=\"elementor-element elementor-element-48003d6 elementor-widget elementor-widget-text-editor\" data-id=\"48003d6\" data-element_type=\"widget\" data-widget_type=\"text-editor.default\">\n\t\t\t\t<div class=\"elementor-widget-container\">\n\t\t\t\t\t<div class=\"elementor-text-editor elementor-clearfix\"><blockquote><h4><strong>Ich<\/strong><strong> freue mich, dass Sie diese Seite aufgesucht haben.<br \/><\/strong><strong>Tauchen Sie ein in ein wohlf\u00fchlendes Erlebnis von Ruhe und Harmonie<\/strong><\/h4><\/blockquote><\/div>\n\t\t\t\t<\/div>\n\t\t\t\t<\/div>\n\t\t\t\t<div class=\"elementor-element elementor-element-66981ba elementor-widget__width-auto elementor-widget elementor-widget-text-editor\" data-id=\"66981ba\" data-element_type=\"widget\" data-widget_type=\"text-editor.default\">\n\t\t\t\t<div class=\"elementor-widget-container\">\n\t\t\t\t\t<div class=\"elementor-text-editor elementor-clearfix\"><h2 style=\"text-align: center;\"><span style=\"color: #ffffff;\" data-darkreader-inline-color=\"\"><strong>Liebe Kundin, lieber Kunde<\/strong><\/span><\/h2><p><span style=\"color: #ffffff;\" data-darkreader-inline-color=\"\">Obwohl in dieser Zeit der Pandemie unsere Kosten (durch zus\u00e4tzliches Hygienekonzept) erheblich h\u00f6her sind, wollen wir uns bei Ihnen bedanken. Wir halten daher unsere Preise stabil und bieten Ihnen unsere Dienstleistungen zu den gewohnt g\u00fcnstigen Konditionen an.<\/span><\/p><p><span style=\"color: #ffffff;\" data-darkreader-inline-color=\"\">Wir w\u00fcrden uns sehr freuen, wenn Sie uns auch weiterhin unterst\u00fctzen und uns die Treue halten.<\/span><\/p><h2 style=\"text-align: center;\"><span style=\"color: #ffffff;\" data-darkreader-inline-color=\"\"><strong>Vielen Dank!<\/strong><\/span><\/h2><\/div>\n\t\t\t\t<\/div>\n\t\t\t\t<\/div>\n\t\t\t\t\t\t<\/div>\n\t\t\t\t\t<\/div>\n\t\t<\/div>\n\t\t\t\t\t\t\t\t<\/div>\n\t\t\t\t\t<\/div>\n\t\t<\/section>\n\t\t\t\t<section class=\"elementor-section elementor-top-section elementor-element elementor-element-db6b418 elementor-section-boxed elementor-section-height-default elementor-section-height-default\" data-id=\"db6b418\" data-element_type=\"section\">\n\t\t\t\t\t\t<div class=\"elementor-container elementor-column-gap-default\">\n\t\t\t\t\t\t\t<div class=\"elementor-row\">\n\t\t\t\t\t<div class=\"elementor-column elementor-col-100 elementor-top-column elementor-element elementor-element-f79b021\" data-id=\"f79b021\" data-element_type=\"column\">\n\t\t\t<div class=\"elementor-column-wrap elementor-element-populated\">\n\t\t\t\t\t\t\t<div class=\"elementor-widget-wrap\">\n\t\t\t\t\t\t<div class=\"elementor-element elementor-element-1b87d6a elementor-widget elementor-widget-text-editor\" data-id=\"1b87d6a\" data-element_type=\"widget\" data-widget_type=\"text-editor.default\">\n\t\t\t\t<div class=\"elementor-widget-container\">\n\t\t\t\t\t<div class=\"elementor-text-editor elementor-clearfix\"><h4>Entdecken Sie Ihre Haut neu!<\/h4><p>Im gem\u00fctlichen Ambiente erleben Sie Ihren ganz pers\u00f6nlichen, sanften Weg zu einer sch\u00f6nen Haut.<\/p><p><img loading=\"lazy\" class=\"wp-image-212 size-medium aligncenter\" src=\"http:\/\/amellomacosmeceuticals.de\/wp-content\/uploads\/2019\/01\/natdif-300x49.gif\" alt=\"\" width=\"300\" height=\"49\" srcset=\"https:\/\/amellomacosmeceuticals.de\/wp-content\/uploads\/2019\/01\/natdif-300x49.gif 300w, https:\/\/amellomacosmeceuticals.de\/wp-content\/uploads\/2019\/01\/natdif-150x24.gif 150w\" sizes=\"(max-width: 300px) 100vw, 300px\" \/><\/p><p>Entdecken Sie eine neue Dimension erfolgreicher Kosmetikbehandlungen bei Marianna Hirning mit der professionellen Wirkstoff-Kosmetik von \u201eA NAtural Difference\u201c.<\/p><h2>Die \u201ekleine Revolution\u201c f\u00fcr den gro\u00dfen Unterschied\u2026<br \/>\u2026weil Sie nur eine Haut haben!<\/h2><ul><li><strong>Ihre Problemhaut wird erfolgreich und dauerhaft regeneriert und zu einer Vitalit\u00e4t bewegt!<\/strong><\/li><li><strong>Gesunde Haut f\u00fcr die neue Definition Ihrer Pers\u00f6nlichkeit!<\/strong><\/li><li><strong>Anti-Aging und Akne als Schwerpunkt Thema im Behandlungsrepertoire von Marianna Hirning.<\/strong><\/li><\/ul><p>Die hoch wirksamen Produkte von A.N.D. vitalisieren auf nat\u00fcrlichem Wege Ihre Hautstruktur und bringen die Pflege dorthin, wo sie aktiv werden kann: In die Haut und nicht auf die Haut!<\/p><p><img loading=\"lazy\" class=\"size-full wp-image-221 aligncenter\" src=\"http:\/\/amellomacosmeceuticals.de\/wp-content\/uploads\/2019\/01\/andskincare.jpg\" alt=\"\" width=\"150\" height=\"52\" \/><\/p><p>A.N.D.-Produkte sind absolut frei von Miniral\u00f6len, Paraffinen, Lanolin und Konservierungsmittel und eine hochwertige Wirkstoff-Kosmetik, die einen schnell sichtbaren und dauerhaften Behandlungserfolg garantiert!<\/p><h2>Individueller Kundenservice!<\/h2><p>Die Hautanalyse ist richtungweisend f\u00fcr die individuelle und auf Ihren Hauttyp abgestimmte Behandlungsmethode.<\/p><\/div>\n\t\t\t\t<\/div>\n\t\t\t\t<\/div>\n\t\t\t\t<div class=\"elementor-element elementor-element-377f667 elementor-widget elementor-widget-text-editor\" data-id=\"377f667\" data-element_type=\"widget\" data-widget_type=\"text-editor.default\">\n\t\t\t\t<div class=\"elementor-widget-container\">\n\t\t\t\t\t<div class=\"elementor-text-editor elementor-clearfix\"><h2><span style=\"text-decoration: underline;\"><strong>WICHTIG!<\/strong><\/span><\/h2><p>Wir sind zertifiziert und arbeiten nach den aktuellen Hygienerichtlinien.<\/p><\/div>\n\t\t\t\t<\/div>\n\t\t\t\t<\/div>\n\t\t\t\t<div class=\"elementor-element elementor-element-5951152 elementor-widget elementor-widget-image\" data-id=\"5951152\" data-element_type=\"widget\" data-widget_type=\"image.default\">\n\t\t\t\t<div class=\"elementor-widget-container\">\n\t\t\t\t\t<div class=\"elementor-image\">\n\t\t\t\t\t\t\t\t\t\t\t<a href=\"http:\/\/amellomacosmeceuticals.de\/wp-content\/uploads\/2020\/05\/Zertifikat-Desinfektion_Marianna-Hirning_1123x794px.png\" data-elementor-open-lightbox=\"yes\" data-elementor-lightbox-title=\"Zertifikat Desinfektion_Marianna Hirning_1123x794px\">\n\t\t\t\t\t\t\t<img width=\"768\" height=\"543\" src=\"https:\/\/amellomacosmeceuticals.de\/wp-content\/uploads\/2020\/05\/Zertifikat-Desinfektion_Marianna-Hirning_1123x794px-768x543.png\" class=\"attachment-medium_large size-medium_large\" alt=\"\" loading=\"lazy\" srcset=\"https:\/\/amellomacosmeceuticals.de\/wp-content\/uploads\/2020\/05\/Zertifikat-Desinfektion_Marianna-Hirning_1123x794px-768x543.png 768w, https:\/\/amellomacosmeceuticals.de\/wp-content\/uploads\/2020\/05\/Zertifikat-Desinfektion_Marianna-Hirning_1123x794px-300x212.png 300w, https:\/\/amellomacosmeceuticals.de\/wp-content\/uploads\/2020\/05\/Zertifikat-Desinfektion_Marianna-Hirning_1123x794px-1024x724.png 1024w, https:\/\/amellomacosmeceuticals.de\/wp-content\/uploads\/2020\/05\/Zertifikat-Desinfektion_Marianna-Hirning_1123x794px-150x106.png 150w, https:\/\/amellomacosmeceuticals.de\/wp-content\/uploads\/2020\/05\/Zertifikat-Desinfektion_Marianna-Hirning_1123x794px.png 1123w\" sizes=\"(max-width: 768px) 100vw, 768px\" \/>\t\t\t\t\t\t\t\t<\/a>\n\t\t\t\t\t\t\t\t\t\t\t<\/div>\n\t\t\t\t<\/div>\n\t\t\t\t<\/div>\n\t\t\t\t\t\t<\/div>\n\t\t\t\t\t<\/div>\n\t\t<\/div>\n\t\t\t\t\t\t\t\t<\/div>\n\t\t\t\t\t<\/div>\n\t\t<\/section>\n\t\t\t\t\t\t<\/div>\n\t\t\t\t\t\t<\/div>\n\t\t\t\t\t<\/div>\n\t\t","protected":false},"excerpt":{"rendered":"<p>Home Ich freue mich, dass Sie diese Seite aufgesucht haben. Tauchen Sie ein in ein wohlf\u00fchlendes Erlebnis von Ruhe und Harmonie Liebe Kundin, lieber Kunde Obwohl in dieser Zeit der Pandemie unsere Kosten (durch zus\u00e4tzliches Hygienekonzept) erheblich h\u00f6her sind, wollen wir uns bei Ihnen bedanken. Wir halten daher unsere Preise stabil und bieten Ihnen unsere [&hellip;]<\/p>\n","protected":false},"author":1,"featured_media":0,"parent":0,"menu_order":0,"comment_status":"closed","ping_status":"closed","template":"","meta":[],"_links":{"self":[{"href":"https:\/\/amellomacosmeceuticals.de\/index.php?rest_route=\/wp\/v2\/pages\/45"}],"collection":[{"href":"https:\/\/amellomacosmeceuticals.de\/index.php?rest_route=\/wp\/v2\/pages"}],"about":[{"href":"https:\/\/amellomacosmeceuticals.de\/index.php?rest_route=\/wp\/v2\/types\/page"}],"author":[{"embeddable":true,"href":"https:\/\/amellomacosmeceuticals.de\/index.php?rest_route=\/wp\/v2\/users\/1"}],"replies":[{"embeddable":true,"href":"https:\/\/amellomacosmeceuticals.de\/index.php?rest_route=%2Fwp%2Fv2%2Fcomments&post=45"}],"version-history":[{"count":27,"href":"https:\/\/amellomacosmeceuticals.de\/index.php?rest_route=\/wp\/v2\/pages\/45\/revisions"}],"predecessor-version":[{"id":475,"href":"https:\/\/amellomacosmeceuticals.de\/index.php?rest_route=\/wp\/v2\/pages\/45\/revisions\/475"}],"wp:attachment":[{"href":"https:\/\/amellomacosmeceuticals.de\/index.php?rest_route=%2Fwp%2Fv2%2Fmedia&parent=45"}],"curies":[{"name":"wp","href":"https:\/\/api.w.org\/{rel}","templated":true}]}}