{"id":35,"date":"2018-12-28T19:18:24","date_gmt":"2018-12-28T18:18:24","guid":{"rendered":"http:\/\/amellomacosmeceuticals.de\/?page_id=35"},"modified":"2019-02-01T17:06:47","modified_gmt":"2019-02-01T16:06:47","slug":"mesoporation","status":"publish","type":"page","link":"https:\/\/amellomacosmeceuticals.de\/?page_id=35","title":{"rendered":"Mesoporation"},"content":{"rendered":"\t\t<div data-elementor-type=\"wp-post\" data-elementor-id=\"35\" class=\"elementor elementor-35 elementor-bc-flex-widget\" data-elementor-settings=\"[]\">\n\t\t\t\t\t\t<div class=\"elementor-inner\">\n\t\t\t\t\t\t\t<div class=\"elementor-section-wrap\">\n\t\t\t\t\t\t\t<section class=\"elementor-section elementor-top-section elementor-element elementor-element-47ffc296 elementor-section-stretched elementor-section-boxed elementor-section-height-default elementor-section-height-default\" data-id=\"47ffc296\" data-element_type=\"section\" data-settings=\"{&quot;stretch_section&quot;:&quot;section-stretched&quot;}\">\n\t\t\t\t\t\t<div class=\"elementor-container elementor-column-gap-default\">\n\t\t\t\t\t\t\t<div class=\"elementor-row\">\n\t\t\t\t\t<div class=\"elementor-column elementor-col-100 elementor-top-column elementor-element elementor-element-4693b358\" data-id=\"4693b358\" data-element_type=\"column\">\n\t\t\t<div class=\"elementor-column-wrap elementor-element-populated\">\n\t\t\t\t\t\t\t<div class=\"elementor-widget-wrap\">\n\t\t\t\t\t\t<div class=\"elementor-element elementor-element-3d6f5ce3 elementor-widget elementor-widget-heading\" data-id=\"3d6f5ce3\" data-element_type=\"widget\" data-widget_type=\"heading.default\">\n\t\t\t\t<div class=\"elementor-widget-container\">\n\t\t\t<h2 class=\"elementor-heading-title elementor-size-default\">Mesoporation<\/h2>\t\t<\/div>\n\t\t\t\t<\/div>\n\t\t\t\t<div class=\"elementor-element elementor-element-538e66ed elementor-widget-divider--view-line elementor-widget elementor-widget-divider\" data-id=\"538e66ed\" data-element_type=\"widget\" data-widget_type=\"divider.default\">\n\t\t\t\t<div class=\"elementor-widget-container\">\n\t\t\t\t\t<div class=\"elementor-divider\">\n\t\t\t<span class=\"elementor-divider-separator\">\n\t\t\t\t\t\t<\/span>\n\t\t<\/div>\n\t\t\t\t<\/div>\n\t\t\t\t<\/div>\n\t\t\t\t\t\t<\/div>\n\t\t\t\t\t<\/div>\n\t\t<\/div>\n\t\t\t\t\t\t\t\t<\/div>\n\t\t\t\t\t<\/div>\n\t\t<\/section>\n\t\t\t\t<section class=\"elementor-section elementor-top-section elementor-element elementor-element-71511908 elementor-section-stretched elementor-section-boxed elementor-section-height-default elementor-section-height-default\" data-id=\"71511908\" data-element_type=\"section\" data-settings=\"{&quot;stretch_section&quot;:&quot;section-stretched&quot;}\">\n\t\t\t\t\t\t<div class=\"elementor-container elementor-column-gap-default\">\n\t\t\t\t\t\t\t<div class=\"elementor-row\">\n\t\t\t\t\t<div class=\"elementor-column elementor-col-100 elementor-top-column elementor-element elementor-element-7d1c45bf\" data-id=\"7d1c45bf\" data-element_type=\"column\">\n\t\t\t<div class=\"elementor-column-wrap elementor-element-populated\">\n\t\t\t\t\t\t\t<div class=\"elementor-widget-wrap\">\n\t\t\t\t\t\t<div class=\"elementor-element elementor-element-1c4108c elementor-widget elementor-widget-wp-widget-metaslider_widget\" data-id=\"1c4108c\" data-element_type=\"widget\" data-widget_type=\"wp-widget-metaslider_widget.default\">\n\t\t\t\t<div class=\"elementor-widget-container\">\n\t\t\t<div id=\"metaslider-id-195\" style=\"max-width: 700px;\" class=\"ml-slider-3-19-1 metaslider metaslider-nivo metaslider-195 ml-slider\">\n    <div id=\"metaslider_container_195\">\n        <div class='slider-wrapper theme-default'><div class='ribbon'><\/div><div id='metaslider_195' class='nivoSlider'><img loading=\"lazy\" src=\"https:\/\/amellomacosmeceuticals.de\/wp-content\/uploads\/2019\/01\/header2-700x300.png\" height=\"300\" width=\"700\" title=\"header2\" alt=\"\" class=\"slider-195 slide-196\" \/><img loading=\"lazy\" src=\"https:\/\/amellomacosmeceuticals.de\/wp-content\/uploads\/2019\/01\/header4-700x300.png\" height=\"300\" width=\"700\" title=\"header4\" alt=\"\" class=\"slider-195 slide-197\" \/><img loading=\"lazy\" src=\"https:\/\/amellomacosmeceuticals.de\/wp-content\/uploads\/2019\/01\/header5-700x300.png\" height=\"300\" width=\"700\" title=\"header5\" alt=\"\" class=\"slider-195 slide-198\" \/><img loading=\"lazy\" src=\"https:\/\/amellomacosmeceuticals.de\/wp-content\/uploads\/2019\/01\/header6-700x300.jpg\" height=\"300\" width=\"700\" title=\"header6\" alt=\"\" class=\"slider-195 slide-199\" \/><img loading=\"lazy\" src=\"https:\/\/amellomacosmeceuticals.de\/wp-content\/uploads\/2019\/01\/header7-700x300.png\" height=\"300\" width=\"700\" title=\"header7\" alt=\"\" class=\"slider-195 slide-200\" \/><\/div><\/div>\n        \n    <\/div>\n<\/div>\t\t<\/div>\n\t\t\t\t<\/div>\n\t\t\t\t\t\t<\/div>\n\t\t\t\t\t<\/div>\n\t\t<\/div>\n\t\t\t\t\t\t\t\t<\/div>\n\t\t\t\t\t<\/div>\n\t\t<\/section>\n\t\t\t\t<section class=\"elementor-section elementor-top-section elementor-element elementor-element-243d358 elementor-section-stretched elementor-section-boxed elementor-section-height-default elementor-section-height-default\" data-id=\"243d358\" data-element_type=\"section\" data-settings=\"{&quot;stretch_section&quot;:&quot;section-stretched&quot;}\">\n\t\t\t\t\t\t<div class=\"elementor-container elementor-column-gap-default\">\n\t\t\t\t\t\t\t<div class=\"elementor-row\">\n\t\t\t\t\t<div class=\"elementor-column elementor-col-100 elementor-top-column elementor-element elementor-element-16ce07d\" data-id=\"16ce07d\" data-element_type=\"column\">\n\t\t\t<div class=\"elementor-column-wrap elementor-element-populated\">\n\t\t\t\t\t\t\t<div class=\"elementor-widget-wrap\">\n\t\t\t\t\t\t<div class=\"elementor-element elementor-element-d818a77 elementor-widget elementor-widget-text-editor\" data-id=\"d818a77\" data-element_type=\"widget\" data-widget_type=\"text-editor.default\">\n\t\t\t\t<div class=\"elementor-widget-container\">\n\t\t\t\t\t<div class=\"elementor-text-editor elementor-clearfix\"><h3><img loading=\"lazy\" class=\"size-medium wp-image-297 alignleft\" src=\"http:\/\/amellomacosmeceuticals.de\/wp-content\/uploads\/2019\/01\/mesoporation-300x186.png\" alt=\"\" width=\"300\" height=\"186\" srcset=\"https:\/\/amellomacosmeceuticals.de\/wp-content\/uploads\/2019\/01\/mesoporation-300x186.png 300w, https:\/\/amellomacosmeceuticals.de\/wp-content\/uploads\/2019\/01\/mesoporation-150x93.png 150w, https:\/\/amellomacosmeceuticals.de\/wp-content\/uploads\/2019\/01\/mesoporation.png 325w\" sizes=\"(max-width: 300px) 100vw, 300px\" \/>Was ist Meso-\/Elektroporation?<\/h3><p>Mesoporation ist ein der Elektroporation \u00e4hnliches Verfahren.<\/p><p>Meso-\/Elektroporation ist eine neue, umfangreich dokumentierte Methode auf der Basis des Nobelpreises f\u00fcr Chemie. W\u00e4hrend bei der Mesotherapie die Wirkstoffe durch Nadeln in die Haut eingespritzt werden, nutzt die Elektroporation unsch\u00e4dliche, angenehm wirkende Radiowellen. Diese Methode ist nicht zu verwechseln mit anderen Einschleuseverfahren z.B. Ultraschall oder Iontophorese. Der Unterschied liegt in der Eindringtiefe und der erh\u00f6hten Penetration. Bei der Elektroporation werden die Wirkstoffe bis zu 15 mm tief in das Gewebe eingeschleust, wobei gleichzeitig die F\u00e4higkeit der Zellen, sich zu \u00f6ffnen und die Wirkstoffe aufzunehmen, um ein bis zu 400-Faches erh\u00f6ht wird.<\/p><p>Einfach ausgedr\u00fcckt erzeugen spezifische, elektromagnetische Wellen (Radiowellen) Vibrationen im Gewebe, die daf\u00fcr sorgen, dass sich der in der Zellwand befindliche Proteinkanal \u00f6ffnet und die Wirkstoffe in die Zellen eindringen k\u00f6nnen. Auf diese Weise lassen sich aktive Substanzen einschleusen, die die Haut regenerieren und umstrukturieren. Die Behandlung ist au\u00dferordentlich angenehm, sie wirkt rasch und effektiv.<\/p><h3>Wirkstoffe und Effekt:<\/h3><p>Durch Meso-\/Elektroporation werden aktive Wirkstoffe in die Haut eingeschleust. Sie veranlassen die Haut zur Fortsetzung der Prozesse, die mit dem Altern allm\u00e4hlich eingestellt werden, und tragen zu einem straffenden Effekt bei.<\/p><h3>H\u00e4ufigkeit und Dauer der Behandlung:<\/h3><p>F\u00fcr ein nachhaltiges Ergebnis mit optimaler Wirkung wird eine Kur bestehend aus f\u00fcnf Behandlungen \u00fcber einen Zeitraum von sechs Wochen empfohlen. Die einzelne Behandlung dauert etwa 30 bis 40 Minuten und ist komplett schmerzfrei. Um ein lang anhaltendes Ergebnis zu sichern, empfiehlt sich die Fortsetzung der Behandlung zu Hause mit passsenden Produkten der Reihe &#8222;Aesthetic Line AGE&#8220;. Das aktuelle Produktsortiment besteht aus Tages-, Nacht- und Augencreme sowie Reinigungsemulsion.<\/p><p>Sie k\u00f6nnen aus zwei Behandlungen w\u00e4hlen (beim Kur-Paket, sparen Sie 25 EUR im Vergleich zu 5 Einzelbehandlungen).<\/p><\/div>\n\t\t\t\t<\/div>\n\t\t\t\t<\/div>\n\t\t\t\t\t\t<\/div>\n\t\t\t\t\t<\/div>\n\t\t<\/div>\n\t\t\t\t\t\t\t\t<\/div>\n\t\t\t\t\t<\/div>\n\t\t<\/section>\n\t\t\t\t<section class=\"elementor-section elementor-top-section elementor-element elementor-element-695c328 elementor-section-stretched elementor-section-boxed elementor-section-height-default elementor-section-height-default\" data-id=\"695c328\" data-element_type=\"section\" data-settings=\"{&quot;stretch_section&quot;:&quot;section-stretched&quot;}\">\n\t\t\t\t\t\t<div class=\"elementor-container elementor-column-gap-default\">\n\t\t\t\t\t\t\t<div class=\"elementor-row\">\n\t\t\t\t\t<div class=\"elementor-column elementor-col-100 elementor-top-column elementor-element elementor-element-b270d02\" data-id=\"b270d02\" data-element_type=\"column\">\n\t\t\t<div class=\"elementor-column-wrap elementor-element-populated\">\n\t\t\t\t\t\t\t<div class=\"elementor-widget-wrap\">\n\t\t\t\t\t\t<div class=\"elementor-element elementor-element-ece60b9 elementor-widget elementor-widget-heading\" data-id=\"ece60b9\" data-element_type=\"widget\" data-widget_type=\"heading.default\">\n\t\t\t\t<div class=\"elementor-widget-container\">\n\t\t\t<h2 class=\"elementor-heading-title elementor-size-default\">Diese Behandlung beinhaltet:<\/h2>\t\t<\/div>\n\t\t\t\t<\/div>\n\t\t\t\t\t\t<\/div>\n\t\t\t\t\t<\/div>\n\t\t<\/div>\n\t\t\t\t\t\t\t\t<\/div>\n\t\t\t\t\t<\/div>\n\t\t<\/section>\n\t\t\t\t<section class=\"elementor-section elementor-top-section elementor-element elementor-element-16b44fc elementor-section-stretched elementor-section-boxed elementor-section-height-default elementor-section-height-default\" data-id=\"16b44fc\" data-element_type=\"section\" data-settings=\"{&quot;stretch_section&quot;:&quot;section-stretched&quot;}\">\n\t\t\t\t\t\t<div class=\"elementor-container elementor-column-gap-default\">\n\t\t\t\t\t\t\t<div class=\"elementor-row\">\n\t\t\t\t\t<div class=\"elementor-column elementor-col-25 elementor-top-column elementor-element elementor-element-d0c4f3d\" data-id=\"d0c4f3d\" data-element_type=\"column\">\n\t\t\t<div class=\"elementor-column-wrap elementor-element-populated\">\n\t\t\t\t\t\t\t<div class=\"elementor-widget-wrap\">\n\t\t\t\t\t\t<div class=\"elementor-element elementor-element-bcdb8b5 elementor-widget elementor-widget-image\" data-id=\"bcdb8b5\" data-element_type=\"widget\" data-widget_type=\"image.default\">\n\t\t\t\t<div class=\"elementor-widget-container\">\n\t\t\t\t\t<div class=\"elementor-image\">\n\t\t\t\t\t\t\t\t\t\t<img width=\"158\" height=\"192\" src=\"https:\/\/amellomacosmeceuticals.de\/wp-content\/uploads\/2019\/01\/mesoporation_einzeln.jpg\" class=\"attachment-large size-large\" alt=\"\" loading=\"lazy\" srcset=\"https:\/\/amellomacosmeceuticals.de\/wp-content\/uploads\/2019\/01\/mesoporation_einzeln.jpg 158w, https:\/\/amellomacosmeceuticals.de\/wp-content\/uploads\/2019\/01\/mesoporation_einzeln-123x150.jpg 123w\" sizes=\"(max-width: 158px) 100vw, 158px\" \/>\t\t\t\t\t\t\t\t\t\t\t<\/div>\n\t\t\t\t<\/div>\n\t\t\t\t<\/div>\n\t\t\t\t\t\t<\/div>\n\t\t\t\t\t<\/div>\n\t\t<\/div>\n\t\t\t\t<div class=\"elementor-column elementor-col-25 elementor-top-column elementor-element elementor-element-a02cbef\" data-id=\"a02cbef\" data-element_type=\"column\">\n\t\t\t<div class=\"elementor-column-wrap elementor-element-populated\">\n\t\t\t\t\t\t\t<div class=\"elementor-widget-wrap\">\n\t\t\t\t\t\t<div class=\"elementor-element elementor-element-d34aac7 elementor-widget elementor-widget-heading\" data-id=\"d34aac7\" data-element_type=\"widget\" data-widget_type=\"heading.default\">\n\t\t\t\t<div class=\"elementor-widget-container\">\n\t\t\t<h2 class=\"elementor-heading-title elementor-size-default\">Einzeln (1 x 45 Minuten)<\/h2>\t\t<\/div>\n\t\t\t\t<\/div>\n\t\t\t\t<div class=\"elementor-element elementor-element-59eb7bc elementor-widget-divider--view-line elementor-widget elementor-widget-divider\" data-id=\"59eb7bc\" data-element_type=\"widget\" data-widget_type=\"divider.default\">\n\t\t\t\t<div class=\"elementor-widget-container\">\n\t\t\t\t\t<div class=\"elementor-divider\">\n\t\t\t<span class=\"elementor-divider-separator\">\n\t\t\t\t\t\t<\/span>\n\t\t<\/div>\n\t\t\t\t<\/div>\n\t\t\t\t<\/div>\n\t\t\t\t<div class=\"elementor-element elementor-element-0963fdf elementor-widget elementor-widget-text-editor\" data-id=\"0963fdf\" data-element_type=\"widget\" data-widget_type=\"text-editor.default\">\n\t\t\t\t<div class=\"elementor-widget-container\">\n\t\t\t\t\t<div class=\"elementor-text-editor elementor-clearfix\"><h3 style=\"text-align: center;\">75,00 \u20ac<\/h3><\/div>\n\t\t\t\t<\/div>\n\t\t\t\t<\/div>\n\t\t\t\t<div class=\"elementor-element elementor-element-a3fab77 elementor-widget-divider--view-line elementor-widget elementor-widget-divider\" data-id=\"a3fab77\" data-element_type=\"widget\" data-widget_type=\"divider.default\">\n\t\t\t\t<div class=\"elementor-widget-container\">\n\t\t\t\t\t<div class=\"elementor-divider\">\n\t\t\t<span class=\"elementor-divider-separator\">\n\t\t\t\t\t\t<\/span>\n\t\t<\/div>\n\t\t\t\t<\/div>\n\t\t\t\t<\/div>\n\t\t\t\t<div class=\"elementor-element elementor-element-7c35d6b elementor-widget elementor-widget-text-editor\" data-id=\"7c35d6b\" data-element_type=\"widget\" data-widget_type=\"text-editor.default\">\n\t\t\t\t<div class=\"elementor-widget-container\">\n\t\t\t\t\t<div class=\"elementor-text-editor elementor-clearfix\"><ul><li>Reinigung<\/li><li>Enzym-Peeling<\/li><li>Mesoporation und eine Abschlusspflege<\/li><\/ul><\/div>\n\t\t\t\t<\/div>\n\t\t\t\t<\/div>\n\t\t\t\t\t\t<\/div>\n\t\t\t\t\t<\/div>\n\t\t<\/div>\n\t\t\t\t<div class=\"elementor-column elementor-col-25 elementor-top-column elementor-element elementor-element-a53cac5\" data-id=\"a53cac5\" data-element_type=\"column\">\n\t\t\t<div class=\"elementor-column-wrap elementor-element-populated\">\n\t\t\t\t\t\t\t<div class=\"elementor-widget-wrap\">\n\t\t\t\t\t\t<div class=\"elementor-element elementor-element-a05da53 elementor-widget elementor-widget-image\" data-id=\"a05da53\" data-element_type=\"widget\" data-widget_type=\"image.default\">\n\t\t\t\t<div class=\"elementor-widget-container\">\n\t\t\t\t\t<div class=\"elementor-image\">\n\t\t\t\t\t\t\t\t\t\t<img width=\"158\" height=\"192\" src=\"https:\/\/amellomacosmeceuticals.de\/wp-content\/uploads\/2019\/01\/laser_mehr.jpg\" class=\"attachment-large size-large\" alt=\"\" loading=\"lazy\" srcset=\"https:\/\/amellomacosmeceuticals.de\/wp-content\/uploads\/2019\/01\/laser_mehr.jpg 158w, https:\/\/amellomacosmeceuticals.de\/wp-content\/uploads\/2019\/01\/laser_mehr-123x150.jpg 123w\" sizes=\"(max-width: 158px) 100vw, 158px\" \/>\t\t\t\t\t\t\t\t\t\t\t<\/div>\n\t\t\t\t<\/div>\n\t\t\t\t<\/div>\n\t\t\t\t\t\t<\/div>\n\t\t\t\t\t<\/div>\n\t\t<\/div>\n\t\t\t\t<div class=\"elementor-column elementor-col-25 elementor-top-column elementor-element elementor-element-8c5350c\" data-id=\"8c5350c\" data-element_type=\"column\">\n\t\t\t<div class=\"elementor-column-wrap elementor-element-populated\">\n\t\t\t\t\t\t\t<div class=\"elementor-widget-wrap\">\n\t\t\t\t\t\t<div class=\"elementor-element elementor-element-6f632de elementor-widget elementor-widget-heading\" data-id=\"6f632de\" data-element_type=\"widget\" data-widget_type=\"heading.default\">\n\t\t\t\t<div class=\"elementor-widget-container\">\n\t\t\t<h2 class=\"elementor-heading-title elementor-size-default\">Kur-Paket (5 x 45 Minuten)<\/h2>\t\t<\/div>\n\t\t\t\t<\/div>\n\t\t\t\t<div class=\"elementor-element elementor-element-b4c60b9 elementor-widget-divider--view-line elementor-widget elementor-widget-divider\" data-id=\"b4c60b9\" data-element_type=\"widget\" data-widget_type=\"divider.default\">\n\t\t\t\t<div class=\"elementor-widget-container\">\n\t\t\t\t\t<div class=\"elementor-divider\">\n\t\t\t<span class=\"elementor-divider-separator\">\n\t\t\t\t\t\t<\/span>\n\t\t<\/div>\n\t\t\t\t<\/div>\n\t\t\t\t<\/div>\n\t\t\t\t<div class=\"elementor-element elementor-element-faa5175 elementor-widget elementor-widget-text-editor\" data-id=\"faa5175\" data-element_type=\"widget\" data-widget_type=\"text-editor.default\">\n\t\t\t\t<div class=\"elementor-widget-container\">\n\t\t\t\t\t<div class=\"elementor-text-editor elementor-clearfix\"><h3 style=\"text-align: center;\"><strong>350,00 \u20ac<\/strong><\/h3><\/div>\n\t\t\t\t<\/div>\n\t\t\t\t<\/div>\n\t\t\t\t<div class=\"elementor-element elementor-element-274ea69 elementor-widget-divider--view-line elementor-widget elementor-widget-divider\" data-id=\"274ea69\" data-element_type=\"widget\" data-widget_type=\"divider.default\">\n\t\t\t\t<div class=\"elementor-widget-container\">\n\t\t\t\t\t<div class=\"elementor-divider\">\n\t\t\t<span class=\"elementor-divider-separator\">\n\t\t\t\t\t\t<\/span>\n\t\t<\/div>\n\t\t\t\t<\/div>\n\t\t\t\t<\/div>\n\t\t\t\t<div class=\"elementor-element elementor-element-3c7b3ae elementor-widget elementor-widget-text-editor\" data-id=\"3c7b3ae\" data-element_type=\"widget\" data-widget_type=\"text-editor.default\">\n\t\t\t\t<div class=\"elementor-widget-container\">\n\t\t\t\t\t<div class=\"elementor-text-editor elementor-clearfix\"><ul><li>Reinigung<\/li><li>Enzym-Peeling<\/li><li>Mesoporation und eine Abschlusspflege<\/li><\/ul><\/div>\n\t\t\t\t<\/div>\n\t\t\t\t<\/div>\n\t\t\t\t\t\t<\/div>\n\t\t\t\t\t<\/div>\n\t\t<\/div>\n\t\t\t\t\t\t\t\t<\/div>\n\t\t\t\t\t<\/div>\n\t\t<\/section>\n\t\t\t\t\t\t<\/div>\n\t\t\t\t\t\t<\/div>\n\t\t\t\t\t<\/div>\n\t\t","protected":false},"excerpt":{"rendered":"<p>Mesoporation Was ist Meso-\/Elektroporation? Mesoporation ist ein der Elektroporation \u00e4hnliches Verfahren. Meso-\/Elektroporation ist eine neue, umfangreich dokumentierte Methode auf der Basis des Nobelpreises f\u00fcr Chemie. W\u00e4hrend bei der Mesotherapie die Wirkstoffe durch Nadeln in die Haut eingespritzt werden, nutzt die Elektroporation unsch\u00e4dliche, angenehm wirkende Radiowellen. Diese Methode ist nicht zu verwechseln mit anderen Einschleuseverfahren z.B. [&hellip;]<\/p>\n","protected":false},"author":1,"featured_media":0,"parent":0,"menu_order":0,"comment_status":"closed","ping_status":"closed","template":"","meta":[],"_links":{"self":[{"href":"https:\/\/amellomacosmeceuticals.de\/index.php?rest_route=\/wp\/v2\/pages\/35"}],"collection":[{"href":"https:\/\/amellomacosmeceuticals.de\/index.php?rest_route=\/wp\/v2\/pages"}],"about":[{"href":"https:\/\/amellomacosmeceuticals.de\/index.php?rest_route=\/wp\/v2\/types\/page"}],"author":[{"embeddable":true,"href":"https:\/\/amellomacosmeceuticals.de\/index.php?rest_route=\/wp\/v2\/users\/1"}],"replies":[{"embeddable":true,"href":"https:\/\/amellomacosmeceuticals.de\/index.php?rest_route=%2Fwp%2Fv2%2Fcomments&post=35"}],"version-history":[{"count":10,"href":"https:\/\/amellomacosmeceuticals.de\/index.php?rest_route=\/wp\/v2\/pages\/35\/revisions"}],"predecessor-version":[{"id":408,"href":"https:\/\/amellomacosmeceuticals.de\/index.php?rest_route=\/wp\/v2\/pages\/35\/revisions\/408"}],"wp:attachment":[{"href":"https:\/\/amellomacosmeceuticals.de\/index.php?rest_route=%2Fwp%2Fv2%2Fmedia&parent=35"}],"curies":[{"name":"wp","href":"https:\/\/api.w.org\/{rel}","templated":true}]}}