{"id":36,"date":"2018-12-28T19:18:24","date_gmt":"2018-12-28T18:18:24","guid":{"rendered":"http:\/\/amellomacosmeceuticals.de\/?page_id=36"},"modified":"2019-02-08T11:18:46","modified_gmt":"2019-02-08T10:18:46","slug":"mesopeel","status":"publish","type":"page","link":"http:\/\/amellomacosmeceuticals.de\/?page_id=36","title":{"rendered":"Mesopeel"},"content":{"rendered":"\t\t<div data-elementor-type=\"wp-post\" data-elementor-id=\"36\" class=\"elementor elementor-36 elementor-bc-flex-widget\" data-elementor-settings=\"[]\">\n\t\t\t\t\t\t<div class=\"elementor-inner\">\n\t\t\t\t\t\t\t<div class=\"elementor-section-wrap\">\n\t\t\t\t\t\t\t<section class=\"elementor-section elementor-top-section elementor-element elementor-element-729aeb5c elementor-section-stretched elementor-section-boxed elementor-section-height-default elementor-section-height-default\" data-id=\"729aeb5c\" data-element_type=\"section\" data-settings=\"{&quot;stretch_section&quot;:&quot;section-stretched&quot;}\">\n\t\t\t\t\t\t<div class=\"elementor-container elementor-column-gap-default\">\n\t\t\t\t\t\t\t<div class=\"elementor-row\">\n\t\t\t\t\t<div class=\"elementor-column elementor-col-100 elementor-top-column elementor-element elementor-element-168355c1\" data-id=\"168355c1\" data-element_type=\"column\">\n\t\t\t<div class=\"elementor-column-wrap elementor-element-populated\">\n\t\t\t\t\t\t\t<div class=\"elementor-widget-wrap\">\n\t\t\t\t\t\t<div class=\"elementor-element elementor-element-18610256 elementor-widget elementor-widget-heading\" data-id=\"18610256\" data-element_type=\"widget\" data-widget_type=\"heading.default\">\n\t\t\t\t<div class=\"elementor-widget-container\">\n\t\t\t<h2 class=\"elementor-heading-title elementor-size-default\">Mesopeel<\/h2>\t\t<\/div>\n\t\t\t\t<\/div>\n\t\t\t\t<div class=\"elementor-element elementor-element-e052085 elementor-widget-divider--view-line elementor-widget elementor-widget-divider\" data-id=\"e052085\" data-element_type=\"widget\" data-widget_type=\"divider.default\">\n\t\t\t\t<div class=\"elementor-widget-container\">\n\t\t\t\t\t<div class=\"elementor-divider\">\n\t\t\t<span class=\"elementor-divider-separator\">\n\t\t\t\t\t\t<\/span>\n\t\t<\/div>\n\t\t\t\t<\/div>\n\t\t\t\t<\/div>\n\t\t\t\t\t\t<\/div>\n\t\t\t\t\t<\/div>\n\t\t<\/div>\n\t\t\t\t\t\t\t\t<\/div>\n\t\t\t\t\t<\/div>\n\t\t<\/section>\n\t\t\t\t<section class=\"elementor-section elementor-top-section elementor-element elementor-element-25f4b626 elementor-section-stretched elementor-section-boxed elementor-section-height-default elementor-section-height-default\" data-id=\"25f4b626\" data-element_type=\"section\" data-settings=\"{&quot;stretch_section&quot;:&quot;section-stretched&quot;}\">\n\t\t\t\t\t\t<div class=\"elementor-container elementor-column-gap-default\">\n\t\t\t\t\t\t\t<div class=\"elementor-row\">\n\t\t\t\t\t<div class=\"elementor-column elementor-col-100 elementor-top-column elementor-element elementor-element-7018e9bf\" data-id=\"7018e9bf\" data-element_type=\"column\">\n\t\t\t<div class=\"elementor-column-wrap elementor-element-populated\">\n\t\t\t\t\t\t\t<div class=\"elementor-widget-wrap\">\n\t\t\t\t\t\t<div class=\"elementor-element elementor-element-7b285807 elementor-widget elementor-widget-wp-widget-metaslider_widget\" data-id=\"7b285807\" data-element_type=\"widget\" data-widget_type=\"wp-widget-metaslider_widget.default\">\n\t\t\t\t<div class=\"elementor-widget-container\">\n\t\t\t<div id=\"metaslider-id-195\" style=\"max-width: 700px;\" class=\"ml-slider-3-19-1 metaslider metaslider-nivo metaslider-195 ml-slider\">\n    <div id=\"metaslider_container_195\">\n        <div class='slider-wrapper theme-default'><div class='ribbon'><\/div><div id='metaslider_195' class='nivoSlider'><img loading=\"lazy\" src=\"http:\/\/amellomacosmeceuticals.de\/wp-content\/uploads\/2019\/01\/header2-700x300.png\" height=\"300\" width=\"700\" title=\"header2\" alt=\"\" class=\"slider-195 slide-196\" \/><img loading=\"lazy\" src=\"http:\/\/amellomacosmeceuticals.de\/wp-content\/uploads\/2019\/01\/header4-700x300.png\" height=\"300\" width=\"700\" title=\"header4\" alt=\"\" class=\"slider-195 slide-197\" \/><img loading=\"lazy\" src=\"http:\/\/amellomacosmeceuticals.de\/wp-content\/uploads\/2019\/01\/header5-700x300.png\" height=\"300\" width=\"700\" title=\"header5\" alt=\"\" class=\"slider-195 slide-198\" \/><img loading=\"lazy\" src=\"http:\/\/amellomacosmeceuticals.de\/wp-content\/uploads\/2019\/01\/header6-700x300.jpg\" height=\"300\" width=\"700\" title=\"header6\" alt=\"\" class=\"slider-195 slide-199\" \/><img loading=\"lazy\" src=\"http:\/\/amellomacosmeceuticals.de\/wp-content\/uploads\/2019\/01\/header7-700x300.png\" height=\"300\" width=\"700\" title=\"header7\" alt=\"\" class=\"slider-195 slide-200\" \/><\/div><\/div>\n        \n    <\/div>\n<\/div>\t\t<\/div>\n\t\t\t\t<\/div>\n\t\t\t\t\t\t<\/div>\n\t\t\t\t\t<\/div>\n\t\t<\/div>\n\t\t\t\t\t\t\t\t<\/div>\n\t\t\t\t\t<\/div>\n\t\t<\/section>\n\t\t\t\t<section class=\"elementor-section elementor-top-section elementor-element elementor-element-41c392f elementor-section-stretched elementor-section-boxed elementor-section-height-default elementor-section-height-default\" data-id=\"41c392f\" data-element_type=\"section\" data-settings=\"{&quot;stretch_section&quot;:&quot;section-stretched&quot;}\">\n\t\t\t\t\t\t<div class=\"elementor-container elementor-column-gap-default\">\n\t\t\t\t\t\t\t<div class=\"elementor-row\">\n\t\t\t\t\t<div class=\"elementor-column elementor-col-50 elementor-top-column elementor-element elementor-element-9783de1\" data-id=\"9783de1\" data-element_type=\"column\">\n\t\t\t<div class=\"elementor-column-wrap elementor-element-populated\">\n\t\t\t\t\t\t\t<div class=\"elementor-widget-wrap\">\n\t\t\t\t\t\t<div class=\"elementor-element elementor-element-fd024cd elementor-widget elementor-widget-image\" data-id=\"fd024cd\" data-element_type=\"widget\" data-widget_type=\"image.default\">\n\t\t\t\t<div class=\"elementor-widget-container\">\n\t\t\t\t\t<div class=\"elementor-image\">\n\t\t\t\t\t\t\t\t\t\t<img width=\"560\" height=\"359\" src=\"http:\/\/amellomacosmeceuticals.de\/wp-content\/uploads\/2019\/01\/mesopeel.png\" class=\"attachment-medium_large size-medium_large\" alt=\"\" loading=\"lazy\" srcset=\"http:\/\/amellomacosmeceuticals.de\/wp-content\/uploads\/2019\/01\/mesopeel.png 560w, http:\/\/amellomacosmeceuticals.de\/wp-content\/uploads\/2019\/01\/mesopeel-150x96.png 150w, http:\/\/amellomacosmeceuticals.de\/wp-content\/uploads\/2019\/01\/mesopeel-300x192.png 300w\" sizes=\"(max-width: 560px) 100vw, 560px\" \/>\t\t\t\t\t\t\t\t\t\t\t<\/div>\n\t\t\t\t<\/div>\n\t\t\t\t<\/div>\n\t\t\t\t\t\t<\/div>\n\t\t\t\t\t<\/div>\n\t\t<\/div>\n\t\t\t\t<div class=\"elementor-column elementor-col-50 elementor-top-column elementor-element elementor-element-e6adbcb\" data-id=\"e6adbcb\" data-element_type=\"column\">\n\t\t\t<div class=\"elementor-column-wrap elementor-element-populated\">\n\t\t\t\t\t\t\t<div class=\"elementor-widget-wrap\">\n\t\t\t\t\t\t<div class=\"elementor-element elementor-element-f9f0f7c elementor-widget elementor-widget-text-editor\" data-id=\"f9f0f7c\" data-element_type=\"widget\" data-widget_type=\"text-editor.default\">\n\t\t\t\t<div class=\"elementor-widget-container\">\n\t\t\t\t\t<div class=\"elementor-text-editor elementor-clearfix\"><h3>Peeling, um das Hautbild nachhaltig und effektiv zu verbessern<\/h3><div>Das Mesopeel 6 ist besonders effektiv bei Hyperpig-mentierungen, unreiner und fettiger Haut. Es verfeinert gro\u00dfporige Haut und verbessert Aknenarben, sonnengesch\u00e4digte Haut sowie erschlaffte und m\u00fcde Haut.<\/div><div>\u00a0<\/div><div>Die Hauptbestandteile des Mesopeel 6 sind Cyclodextrin Retinol, welches die reinste Form von Vitamin A ist und das im Anti-Aging-Bereich und bei der Behandlung von Akne durch seine hohe Wirksamkeit seit langem bekannt ist.<\/div><div>\u00a0<\/div><div><div>Phyllantus Emblica (Verj\u00fcngungsfrucht) bildet einen Schutzwall gegen freie Radikale, hellt die Haut auf und ist seit Jahrtausenden im asiatischen Raum in der Ayuveda-Medizin als Verj\u00fcngungsmittel bekannt.<\/div><div>\u00a0<\/div><\/div><\/div>\n\t\t\t\t<\/div>\n\t\t\t\t<\/div>\n\t\t\t\t\t\t<\/div>\n\t\t\t\t\t<\/div>\n\t\t<\/div>\n\t\t\t\t\t\t\t\t<\/div>\n\t\t\t\t\t<\/div>\n\t\t<\/section>\n\t\t\t\t<section class=\"elementor-section elementor-top-section elementor-element elementor-element-1c765f13 elementor-section-stretched elementor-section-boxed elementor-section-height-default elementor-section-height-default\" data-id=\"1c765f13\" data-element_type=\"section\" data-settings=\"{&quot;stretch_section&quot;:&quot;section-stretched&quot;}\">\n\t\t\t\t\t\t<div class=\"elementor-container elementor-column-gap-default\">\n\t\t\t\t\t\t\t<div class=\"elementor-row\">\n\t\t\t\t\t<div class=\"elementor-column elementor-col-100 elementor-top-column elementor-element elementor-element-1f578b52\" data-id=\"1f578b52\" data-element_type=\"column\">\n\t\t\t<div class=\"elementor-column-wrap elementor-element-populated\">\n\t\t\t\t\t\t\t<div class=\"elementor-widget-wrap\">\n\t\t\t\t\t\t<div class=\"elementor-element elementor-element-6648d0ed elementor-widget elementor-widget-text-editor\" data-id=\"6648d0ed\" data-element_type=\"widget\" data-widget_type=\"text-editor.default\">\n\t\t\t\t<div class=\"elementor-widget-container\">\n\t\t\t\t\t<div class=\"elementor-text-editor elementor-clearfix\"><div>Kojics\u00e4ure ist ein aus japanischen Pilzen gewonnenes Produkt, das gegen Verf\u00e4rbungen der Haut, Hyperpigmentierungen und Spots wirksam<br \/>eingesetzt wird.<\/div><div>\u00a0<\/div><div>Glycyrrhitins\u00e4ure wird aus der S\u00fc\u00dfholzwurzel gewonnen und wirkt entz\u00fcndungshemmend und aufhellend.<\/div><div>\u00a0<\/div><div>Salicyls\u00e4ure f\u00f6rdert den Sch\u00e4l prozess.<\/div><div>\u00a0<\/div><div>Das Mesopeel 6 wird nur von ausgebildeten Fachkr\u00e4ften angewendet. Es f\u00fchrt zu einer leichten Sch\u00e4lung der Haut, die normalerweise nach 2-3 Tagen anf\u00e4ngt und bis 2 Tage anh\u00e4lt. Die Produktion von Kollagen und Elastin sowie die Produktion von neuen Hautzellen zur Hautoberfl\u00e4che wird dabei angeregt. Hyperpigmentierungen, Unreinheiten und alte Hautzellen der Haut werden durch Mesopeel 6 entfernt.<\/div><div>\u00a0<\/div><div>Nach einem Mesopeel 6 wird empfohlen, dass man zu Hause die &#8222;home peel&#8220; regelm\u00e4ssig anwendet, um das positive Ergebnis der Mesopeel-Behandlung zu halten. Die Inhaltsstoffe sind dem Mesopeel 6 \u00e4hnlich, aber in anderer Konzentration. Zu Beginn der Behandlung mit &#8222;home peel&#8220; sollte man es zweimal w\u00f6chentlich auftragen, vorzugsweise abends. In der zweiten Woche &#8222;home peel&#8220; jeden zweiten Tag auftragen. Bei guter Vertr\u00e4glichkeit in der dritten Woche t\u00e4glich anwenden.<\/div><\/div>\n\t\t\t\t<\/div>\n\t\t\t\t<\/div>\n\t\t\t\t\t\t<\/div>\n\t\t\t\t\t<\/div>\n\t\t<\/div>\n\t\t\t\t\t\t\t\t<\/div>\n\t\t\t\t\t<\/div>\n\t\t<\/section>\n\t\t\t\t<section class=\"elementor-section elementor-top-section elementor-element elementor-element-80c985b elementor-section-stretched elementor-section-boxed elementor-section-height-default elementor-section-height-default\" data-id=\"80c985b\" data-element_type=\"section\" data-settings=\"{&quot;stretch_section&quot;:&quot;section-stretched&quot;}\">\n\t\t\t\t\t\t<div class=\"elementor-container elementor-column-gap-default\">\n\t\t\t\t\t\t\t<div class=\"elementor-row\">\n\t\t\t\t\t<div class=\"elementor-column elementor-col-33 elementor-top-column elementor-element elementor-element-5410b34\" data-id=\"5410b34\" data-element_type=\"column\">\n\t\t\t<div class=\"elementor-column-wrap elementor-element-populated\">\n\t\t\t\t\t\t\t<div class=\"elementor-widget-wrap\">\n\t\t\t\t\t\t<div class=\"elementor-element elementor-element-98adac5 elementor-widget elementor-widget-text-editor\" data-id=\"98adac5\" data-element_type=\"widget\" data-widget_type=\"text-editor.default\">\n\t\t\t\t<div class=\"elementor-widget-container\">\n\t\t\t\t\t<div class=\"elementor-text-editor elementor-clearfix\"><h3>Indikationen:<\/h3><\/div>\n\t\t\t\t<\/div>\n\t\t\t\t<\/div>\n\t\t\t\t\t\t<\/div>\n\t\t\t\t\t<\/div>\n\t\t<\/div>\n\t\t\t\t<div class=\"elementor-column elementor-col-66 elementor-top-column elementor-element elementor-element-7670a2e\" data-id=\"7670a2e\" data-element_type=\"column\">\n\t\t\t<div class=\"elementor-column-wrap elementor-element-populated\">\n\t\t\t\t\t\t\t<div class=\"elementor-widget-wrap\">\n\t\t\t\t\t\t<div class=\"elementor-element elementor-element-f933082 elementor-widget elementor-widget-text-editor\" data-id=\"f933082\" data-element_type=\"widget\" data-widget_type=\"text-editor.default\">\n\t\t\t\t<div class=\"elementor-widget-container\">\n\t\t\t\t\t<div class=\"elementor-text-editor elementor-clearfix\"><ul><li>Unreine und fettige Haut<\/li><li>Hyperpigmentierungen<\/li><li>Aknenarben<\/li><li>Sonnengesch\u00e4digte Haut<\/li><li>Erschlaffte und m\u00fcde Haut<\/li><\/ul><\/div>\n\t\t\t\t<\/div>\n\t\t\t\t<\/div>\n\t\t\t\t\t\t<\/div>\n\t\t\t\t\t<\/div>\n\t\t<\/div>\n\t\t\t\t\t\t\t\t<\/div>\n\t\t\t\t\t<\/div>\n\t\t<\/section>\n\t\t\t\t<section class=\"elementor-section elementor-top-section elementor-element elementor-element-15dd264 elementor-section-stretched elementor-section-boxed elementor-section-height-default elementor-section-height-default\" data-id=\"15dd264\" data-element_type=\"section\" data-settings=\"{&quot;stretch_section&quot;:&quot;section-stretched&quot;}\">\n\t\t\t\t\t\t<div class=\"elementor-container elementor-column-gap-default\">\n\t\t\t\t\t\t\t<div class=\"elementor-row\">\n\t\t\t\t\t<div class=\"elementor-column elementor-col-100 elementor-top-column elementor-element elementor-element-eca91d9\" data-id=\"eca91d9\" data-element_type=\"column\">\n\t\t\t<div class=\"elementor-column-wrap elementor-element-populated\">\n\t\t\t\t\t\t\t<div class=\"elementor-widget-wrap\">\n\t\t\t\t\t\t<div class=\"elementor-element elementor-element-1045f4b elementor-widget elementor-widget-heading\" data-id=\"1045f4b\" data-element_type=\"widget\" data-widget_type=\"heading.default\">\n\t\t\t\t<div class=\"elementor-widget-container\">\n\t\t\t<h2 class=\"elementor-heading-title elementor-size-default\">Diese Behandlung beinhaltet:<\/h2>\t\t<\/div>\n\t\t\t\t<\/div>\n\t\t\t\t\t\t<\/div>\n\t\t\t\t\t<\/div>\n\t\t<\/div>\n\t\t\t\t\t\t\t\t<\/div>\n\t\t\t\t\t<\/div>\n\t\t<\/section>\n\t\t\t\t<section class=\"elementor-section elementor-top-section elementor-element elementor-element-26ec874b elementor-section-boxed elementor-section-height-default elementor-section-height-default\" data-id=\"26ec874b\" data-element_type=\"section\">\n\t\t\t\t\t\t<div class=\"elementor-container elementor-column-gap-default\">\n\t\t\t\t\t\t\t<div class=\"elementor-row\">\n\t\t\t\t\t<div class=\"elementor-column elementor-col-33 elementor-top-column elementor-element elementor-element-75ea36ba\" data-id=\"75ea36ba\" data-element_type=\"column\">\n\t\t\t<div class=\"elementor-column-wrap elementor-element-populated\">\n\t\t\t\t\t\t\t<div class=\"elementor-widget-wrap\">\n\t\t\t\t\t\t<div class=\"elementor-element elementor-element-5ffabdba elementor-widget elementor-widget-image\" data-id=\"5ffabdba\" data-element_type=\"widget\" data-widget_type=\"image.default\">\n\t\t\t\t<div class=\"elementor-widget-container\">\n\t\t\t\t\t<div class=\"elementor-image\">\n\t\t\t\t\t\t\t\t\t\t<img width=\"158\" height=\"192\" src=\"http:\/\/amellomacosmeceuticals.de\/wp-content\/uploads\/2019\/01\/mesopeel_klein.jpg\" class=\"attachment-large size-large\" alt=\"\" loading=\"lazy\" srcset=\"http:\/\/amellomacosmeceuticals.de\/wp-content\/uploads\/2019\/01\/mesopeel_klein.jpg 158w, http:\/\/amellomacosmeceuticals.de\/wp-content\/uploads\/2019\/01\/mesopeel_klein-123x150.jpg 123w\" sizes=\"(max-width: 158px) 100vw, 158px\" \/>\t\t\t\t\t\t\t\t\t\t\t<\/div>\n\t\t\t\t<\/div>\n\t\t\t\t<\/div>\n\t\t\t\t\t\t<\/div>\n\t\t\t\t\t<\/div>\n\t\t<\/div>\n\t\t\t\t<div class=\"elementor-column elementor-col-33 elementor-top-column elementor-element elementor-element-503b5f6c\" data-id=\"503b5f6c\" data-element_type=\"column\">\n\t\t\t<div class=\"elementor-column-wrap elementor-element-populated\">\n\t\t\t\t\t\t\t<div class=\"elementor-widget-wrap\">\n\t\t\t\t\t\t<div class=\"elementor-element elementor-element-3d017f9f elementor-widget elementor-widget-heading\" data-id=\"3d017f9f\" data-element_type=\"widget\" data-widget_type=\"heading.default\">\n\t\t\t\t<div class=\"elementor-widget-container\">\n\t\t\t<h2 class=\"elementor-heading-title elementor-size-default\">Reinigung, Mesopeel<\/h2>\t\t<\/div>\n\t\t\t\t<\/div>\n\t\t\t\t<div class=\"elementor-element elementor-element-6a8abc16 elementor-widget-divider--view-line elementor-widget elementor-widget-divider\" data-id=\"6a8abc16\" data-element_type=\"widget\" data-widget_type=\"divider.default\">\n\t\t\t\t<div class=\"elementor-widget-container\">\n\t\t\t\t\t<div class=\"elementor-divider\">\n\t\t\t<span class=\"elementor-divider-separator\">\n\t\t\t\t\t\t<\/span>\n\t\t<\/div>\n\t\t\t\t<\/div>\n\t\t\t\t<\/div>\n\t\t\t\t<div class=\"elementor-element elementor-element-1407a864 elementor-widget elementor-widget-text-editor\" data-id=\"1407a864\" data-element_type=\"widget\" data-widget_type=\"text-editor.default\">\n\t\t\t\t<div class=\"elementor-widget-container\">\n\t\t\t\t\t<div class=\"elementor-text-editor elementor-clearfix\"><h3 style=\"text-align: center;\">190,00 \u20ac (statt <del>250,00 \u20ac<\/del>)<\/h3><\/div>\n\t\t\t\t<\/div>\n\t\t\t\t<\/div>\n\t\t\t\t<div class=\"elementor-element elementor-element-1ace61eb elementor-widget-divider--view-line elementor-widget elementor-widget-divider\" data-id=\"1ace61eb\" data-element_type=\"widget\" data-widget_type=\"divider.default\">\n\t\t\t\t<div class=\"elementor-widget-container\">\n\t\t\t\t\t<div class=\"elementor-divider\">\n\t\t\t<span class=\"elementor-divider-separator\">\n\t\t\t\t\t\t<\/span>\n\t\t<\/div>\n\t\t\t\t<\/div>\n\t\t\t\t<\/div>\n\t\t\t\t<div class=\"elementor-element elementor-element-4a753246 elementor-widget elementor-widget-text-editor\" data-id=\"4a753246\" data-element_type=\"widget\" data-widget_type=\"text-editor.default\">\n\t\t\t\t<div class=\"elementor-widget-container\">\n\t\t\t\t\t<div class=\"elementor-text-editor elementor-clearfix\"><ul><li>Reinigung<\/li><li>Enzym-Peeling<\/li><li>Mesoporation und eine Abschlusspflege<\/li><\/ul><\/div>\n\t\t\t\t<\/div>\n\t\t\t\t<\/div>\n\t\t\t\t\t\t<\/div>\n\t\t\t\t\t<\/div>\n\t\t<\/div>\n\t\t\t\t<div class=\"elementor-column elementor-col-33 elementor-top-column elementor-element elementor-element-743ba39d\" data-id=\"743ba39d\" data-element_type=\"column\">\n\t\t\t<div class=\"elementor-column-wrap elementor-element-populated\">\n\t\t\t\t\t\t\t<div class=\"elementor-widget-wrap\">\n\t\t\t\t\t\t<section class=\"elementor-section elementor-inner-section elementor-element elementor-element-c88f941 elementor-section-boxed elementor-section-height-default elementor-section-height-default\" data-id=\"c88f941\" data-element_type=\"section\">\n\t\t\t\t\t\t<div class=\"elementor-container elementor-column-gap-default\">\n\t\t\t\t\t\t\t<div class=\"elementor-row\">\n\t\t\t\t\t<div class=\"elementor-column elementor-col-100 elementor-inner-column elementor-element elementor-element-9a5317b\" data-id=\"9a5317b\" data-element_type=\"column\">\n\t\t\t<div class=\"elementor-column-wrap elementor-element-populated\">\n\t\t\t\t\t\t\t<div class=\"elementor-widget-wrap\">\n\t\t\t\t\t\t<div class=\"elementor-element elementor-element-4140a69 elementor-widget elementor-widget-text-editor\" data-id=\"4140a69\" data-element_type=\"widget\" data-widget_type=\"text-editor.default\">\n\t\t\t\t<div class=\"elementor-widget-container\">\n\t\t\t\t\t<div class=\"elementor-text-editor elementor-clearfix\"><ul><li>Sensible Haut:<br \/>30 Minuten<\/li><li>Normale Haut:<br \/>45 Minuten<\/li><li>Dicke, strapazierf\u00e4hige Haut:<br \/>60 Minute<\/li><\/ul><\/div>\n\t\t\t\t<\/div>\n\t\t\t\t<\/div>\n\t\t\t\t\t\t<\/div>\n\t\t\t\t\t<\/div>\n\t\t<\/div>\n\t\t\t\t\t\t\t\t<\/div>\n\t\t\t\t\t<\/div>\n\t\t<\/section>\n\t\t\t\t\t\t<\/div>\n\t\t\t\t\t<\/div>\n\t\t<\/div>\n\t\t\t\t\t\t\t\t<\/div>\n\t\t\t\t\t<\/div>\n\t\t<\/section>\n\t\t\t\t\t\t<\/div>\n\t\t\t\t\t\t<\/div>\n\t\t\t\t\t<\/div>\n\t\t","protected":false},"excerpt":{"rendered":"<p>Mesopeel Peeling, um das Hautbild nachhaltig und effektiv zu verbessern Das Mesopeel 6 ist besonders effektiv bei Hyperpig-mentierungen, unreiner und fettiger Haut. Es verfeinert gro\u00dfporige Haut und verbessert Aknenarben, sonnengesch\u00e4digte Haut sowie erschlaffte und m\u00fcde Haut.\u00a0Die Hauptbestandteile des Mesopeel 6 sind Cyclodextrin Retinol, welches die reinste Form von Vitamin A ist und das im Anti-Aging-Bereich [&hellip;]<\/p>\n","protected":false},"author":1,"featured_media":0,"parent":0,"menu_order":0,"comment_status":"closed","ping_status":"closed","template":"","meta":[],"_links":{"self":[{"href":"http:\/\/amellomacosmeceuticals.de\/index.php?rest_route=\/wp\/v2\/pages\/36"}],"collection":[{"href":"http:\/\/amellomacosmeceuticals.de\/index.php?rest_route=\/wp\/v2\/pages"}],"about":[{"href":"http:\/\/amellomacosmeceuticals.de\/index.php?rest_route=\/wp\/v2\/types\/page"}],"author":[{"embeddable":true,"href":"http:\/\/amellomacosmeceuticals.de\/index.php?rest_route=\/wp\/v2\/users\/1"}],"replies":[{"embeddable":true,"href":"http:\/\/amellomacosmeceuticals.de\/index.php?rest_route=%2Fwp%2Fv2%2Fcomments&post=36"}],"version-history":[{"count":15,"href":"http:\/\/amellomacosmeceuticals.de\/index.php?rest_route=\/wp\/v2\/pages\/36\/revisions"}],"predecessor-version":[{"id":430,"href":"http:\/\/amellomacosmeceuticals.de\/index.php?rest_route=\/wp\/v2\/pages\/36\/revisions\/430"}],"wp:attachment":[{"href":"http:\/\/amellomacosmeceuticals.de\/index.php?rest_route=%2Fwp%2Fv2%2Fmedia&parent=36"}],"curies":[{"name":"wp","href":"https:\/\/api.w.org\/{rel}","templated":true}]}}